{"id":219,"date":"2020-05-12T03:43:04","date_gmt":"2020-05-12T03:43:04","guid":{"rendered":"https:\/\/dev.liipolankiinteistokorjaus.fi\/wordpress\/index.php\/services\/"},"modified":"2026-03-24T12:10:46","modified_gmt":"2026-03-24T12:10:46","slug":"palvelut","status":"publish","type":"page","link":"https:\/\/liipolankiinteistokorjaus.fi\/index.php\/palvelut\/","title":{"rendered":"Palvelut"},"content":{"rendered":"\n<div class=\"wp-block-uagb-container uagb-block-154f3012 alignfull uagb-is-root-container\"><div class=\"uagb-container-inner-blocks-wrap\">\n<div class=\"wp-block-uagb-advanced-heading uagb-block-694dec36\"><h1 class=\"uagb-heading-text\">Palvelut\u200b<\/h1><\/div>\n<\/div><\/div>\n\n\n\n<div class=\"wp-block-uagb-container uagb-block-d8cdb518 alignfull uagb-is-root-container\"><div class=\"uagb-container-inner-blocks-wrap\">\n<div class=\"wp-block-uagb-container uagb-block-5ec15664\">\n<div class=\"wp-block-uagb-info-box uagb-block-4632264c uagb-infobox__content-wrap  uagb-infobox-icon-above-title uagb-infobox-image-valign-top\" id=\"kotitaloudet\"><div class=\"uagb-ifb-content\"><div class=\"uagb-ifb-title-wrap\"><h2 class=\"uagb-ifb-title\">Palvelut kotitalouksille<\/h2><\/div><p class=\"uagb-ifb-desc\">Onko kylpyhuoneesi jo nuhruisen n\u00e4k\u00f6inen ja saunan lauteet  paremmat p\u00e4iv\u00e4ns\u00e4 n\u00e4hneet? <br>Kaipaako keitti\u00f6si p\u00e4ivityst\u00e4 t\u00e4lle vuosikymmenelle? <br>Vai kaipaatko asuntoosi vain pient\u00e4 pintaremonttia?<br>Onko omakotitalosi, j\u00e4tekatoksesi tai leikkim\u00f6kkisi maalauksen tarpeessa?<br>Saat meilt\u00e4 niin pienet kuin suuremmatkin kodin remontit sovitussa aikataulussa ja laadukkaasti toteutettuna. My\u00f6s erilaiset asennus- ja kasausty\u00f6t hoituvat k\u00e4den k\u00e4\u00e4nteess\u00e4.<br><br><em>Nyt kauttamme saatavana my\u00f6s metalliaidat, -portit ja -ajoportit juuri teid\u00e4n suunnitelmienne mukaan.<\/em> <br><br>Ota rohkeasti yhteytt\u00e4, niin suunnitellaan yhdess\u00e4 sinulle sopiva ratkaisu!<\/p><div class=\"uagb-ifb-button-wrapper wp-block-button\"><a href=\"https:\/\/liipolankiinteistokorjaus.fi\/index.php\/ota-yhteytta\/\" class=\"uagb-infobox-cta-link wp-block-button__link\" target=\"_self\" rel=\"noopener noreferrer\" onclick=\"return true;\"><span class=\"uagb-inline-editing\">Ota yhteytt\u00e4<\/span><\/a><\/div><\/div><\/div>\n<\/div>\n\n\n\n<div class=\"wp-block-uagb-container uagb-block-c5adc841\">\n<div class=\"wp-block-uagb-image aligncenter uagb-block-6d146896 wp-block-uagb-image--layout-default wp-block-uagb-image--effect-static wp-block-uagb-image--align-center\"><figure class=\"wp-block-uagb-image__figure\"><img decoding=\"async\" srcset=\"https:\/\/liipolankiinteistokorjaus.fi\/wordpress\/wp-content\/uploads\/2023\/04\/Sauna-300x300.jpg \" sizes=\"auto, (max-width: 480px) 150px\" src=\"https:\/\/liipolankiinteistokorjaus.fi\/wordpress\/wp-content\/uploads\/2023\/04\/Sauna-300x300.jpg\" alt=\"\" class=\"uag-image-49\" width=\"300\" height=\"300\" title=\"\" loading=\"lazy\" role=\"img\"\/><\/figure><\/div>\n<\/div>\n<\/div><\/div>\n\n\n\n<div class=\"wp-block-uagb-container uagb-block-6225dd77 alignfull uagb-is-root-container\"><div class=\"uagb-container-inner-blocks-wrap\">\n<div class=\"wp-block-uagb-container uagb-block-d2d9cf70\">\n<div class=\"wp-block-uagb-image aligncenter uagb-block-02799ed7 wp-block-uagb-image--layout-default wp-block-uagb-image--effect-static wp-block-uagb-image--align-center\"><figure class=\"wp-block-uagb-image__figure\"><img decoding=\"async\" srcset=\"https:\/\/liipolankiinteistokorjaus.fi\/wordpress\/wp-content\/uploads\/2023\/05\/Kolkankatu-22-jatekatos-kuva-2-1-300x300.jpg \" sizes=\"auto, (max-width: 480px) 150px\" src=\"https:\/\/liipolankiinteistokorjaus.fi\/wordpress\/wp-content\/uploads\/2023\/05\/Kolkankatu-22-jatekatos-kuva-2-1-300x300.jpg\" alt=\"\" class=\"uag-image-943\" width=\"300\" height=\"300\" title=\"\" loading=\"lazy\" role=\"img\"\/><\/figure><\/div>\n<\/div>\n\n\n\n<div class=\"wp-block-uagb-container uagb-block-21f1d7b2\">\n<div class=\"wp-block-uagb-info-box uagb-block-a631af57 uagb-infobox__content-wrap  uagb-infobox-icon-above-title uagb-infobox-image-valign-top\" id=\"taloyhti\u00f6t\"><div class=\"uagb-ifb-content\"><div class=\"uagb-ifb-title-wrap\"><h2 class=\"uagb-ifb-title\">Palvelut taloyhti\u00f6lle<\/h2><\/div><p class=\"uagb-ifb-desc\">Onko taloyhti\u00f6ss\u00e4nne tarvetta k\u00e4yt\u00e4vien seinien tai lattioiden maalauksille, kaipaako saunaosasto pikaista kunnostusta tai silikonien uusimista?<br>Onko taloyhti\u00f6ss\u00e4 sattunut kenties vesivahinko? <br>Kaipaako ikkunat ja parvekkeen ovet tiivist\u00e4mist\u00e4?<br>Saatte meilt\u00e4 kartoitukset korjaustarpeista ja ehdotuksen korjaussuunnitelmaksi.<br>Teemme l\u00e4hes kaikkea korjausrakentamista paitsi julkisivuremontteja ja linjasaneerauksia.<br><em>Nyt kauttamme saatavana my\u00f6s metalliaidat, -portit ja -ajoportit taloyhti\u00f6n tarpeiden mukaan suunniteltuna. <\/em><br><br>Kysyk\u00e4\u00e4 rohkeasti lis\u00e4tietoa, niin toteutamme remontit taloyhti\u00f6n tarpeiden mukaan!<\/p><div class=\"uagb-ifb-button-wrapper wp-block-button\"><a href=\"https:\/\/liipolankiinteistokorjaus.fi\/index.php\/ota-yhteytta\/\" class=\"uagb-infobox-cta-link wp-block-button__link\" target=\"_self\" rel=\"noopener noreferrer\" onclick=\"return true;\"><span class=\"uagb-inline-editing\">ota yhteytt\u00e4<\/span><\/a><\/div><\/div><\/div>\n<\/div>\n<\/div><\/div>\n\n\n\n<div class=\"wp-block-uagb-container uagb-block-b9e43490 alignfull uagb-is-root-container\"><div class=\"uagb-container-inner-blocks-wrap\">\n<div class=\"wp-block-uagb-container uagb-block-e107cec8\">\n<div class=\"wp-block-uagb-info-box uagb-block-1bb4af58 uagb-infobox__content-wrap  uagb-infobox-icon-above-title uagb-infobox-image-valign-top\" id=\"asbestin\u00e4ytteet\"><div class=\"uagb-ifb-content\"><div class=\"uagb-ifb-title-wrap\"><h2 class=\"uagb-ifb-title\">Muut palvelut<\/h2><\/div><p class=\"uagb-ifb-desc\">Onko asunnon remontointi ajankohtaista? Asbestin\u00e4ytteiden otot ja vedeneristystarkastukset sek\u00e4 valvonta kauttamme nopeasti ja vaivattomasti.<br>Ota yhteytt\u00e4, niin hoidetaan asia kuntoon ja remonttisi p\u00e4\u00e4see jatkumaan pikaisesti!<br><br>J\u00e4rjest\u00e4mme my\u00f6s kosteuskartoitukset, kuivatukset ja desinfioinnit, kaikenkokoiset peltity\u00f6t, IV-koneiden huollot ja korjaukset, IV-kanavien nuohoukset ja IV-venttiilien pesut sek\u00e4 tarvittaessa niiden uudelleens\u00e4\u00e4d\u00f6t ilmam\u00e4\u00e4rien mukaisesti.<br><br>Onko pihallasi kenties tarvetta puiden hoitoleikkuulle tai puunkaadoille? T\u00e4m\u00e4kin j\u00e4rjestyy kauttamme.<\/p><div class=\"uagb-ifb-button-wrapper wp-block-button\"><a href=\"https:\/\/liipolankiinteistokorjaus.fi\/index.php\/ota-yhteytta\/\" class=\"uagb-infobox-cta-link wp-block-button__link\" target=\"_self\" rel=\"noopener noreferrer\" onclick=\"return true;\"><span class=\"uagb-inline-editing\">ota yhteytt\u00e4<\/span><\/a><\/div><\/div><\/div>\n<\/div>\n\n\n\n<div class=\"wp-block-uagb-container uagb-block-7dd0f4f9\">\n<div class=\"wp-block-uagb-image aligncenter uagb-block-50161b0f wp-block-uagb-image--layout-default wp-block-uagb-image--effect-static wp-block-uagb-image--align-center\"><figure class=\"wp-block-uagb-image__figure\"><img decoding=\"async\" srcset=\"https:\/\/liipolankiinteistokorjaus.fi\/wordpress\/wp-content\/uploads\/2023\/05\/Kylpyhuone-nayte-pieni-225x300.jpg \" sizes=\"auto, (max-width: 480px) 150px\" src=\"https:\/\/liipolankiinteistokorjaus.fi\/wordpress\/wp-content\/uploads\/2023\/05\/Kylpyhuone-nayte-pieni-225x300.jpg\" alt=\"\" class=\"uag-image-911\" width=\"225\" height=\"300\" title=\"\" loading=\"lazy\" role=\"img\"\/><\/figure><\/div>\n<\/div>\n<\/div><\/div>\n\n\n\n<div class=\"wp-block-uagb-container uagb-block-2aff094c alignfull uagb-is-root-container\"><div class=\"uagb-container-inner-blocks-wrap\">\n<div class=\"wp-block-uagb-advanced-heading uagb-block-e715a7aa\"><h2 class=\"uagb-heading-text\">F a Q<\/h2><p class=\"uagb-desc-text\">Usein kysytty\u00e4<\/p><\/div>\n\n\n<div class=\"wp-block-uagb-faq uagb-faq__outer-wrap uagb-block-ed674ecf uagb-faq-icon-row-reverse uagb-faq-layout-accordion uagb-faq-expand-first-false uagb-faq-inactive-other-true uagb-faq__wrap uagb-buttons-layout-wrap uagb-faq-equal-height     \" data-faqtoggle=\"true\" role=\"tablist\"><div class=\"wp-block-uagb-faq-child uagb-faq-child__outer-wrap uagb-faq-item uagb-block-537d6390 \" role=\"tab\" tabindex=\"0\"><div class=\"uagb-faq-questions-button uagb-faq-questions\">\t\t\t<span class=\"uagb-icon uagb-faq-icon-wrap\">\n\t\t\t\t\t\t\t<\/span>\n\t\t\t\t\t\t<span class=\"uagb-icon-active uagb-faq-icon-wrap\">\n\t\t\t\t\t\t\t\t<svg xmlns=\"https:\/\/www.w3.org\/2000\/svg\" viewBox= \"0 0 320 512\"><path d=\"M9.39 265.4l127.1-128C143.6 131.1 151.8 128 160 128s16.38 3.125 22.63 9.375l127.1 128c9.156 9.156 11.9 22.91 6.943 34.88S300.9 320 287.1 320H32.01c-12.94 0-24.62-7.781-29.58-19.75S.2333 274.5 9.39 265.4z\"><\/path><\/svg>\n\t\t\t\t\t\t\t<\/span>\n\t\t\t<span class=\"uagb-question\">Miten remonttipyynt\u00f6 ja toteutus etenee?<\/span><\/div><div class=\"uagb-faq-content\"><p>Kun olet ottanut yhteytt\u00e4 meihin, sovimme ensin asiakask\u00e4ynnin ja kartoitamme remonttitilanteen. Seuraavaksi sovimme korjaust\u00f6iden veloituksesta tuntity\u00f6n\u00e4 tai tarjouksen\/kustannusarvion mukaan, remontin laajuudesta riippuen. Aloitamme remontin sovittuna ajankohtana. Laskutus tehdyst\u00e4 ty\u00f6st\u00e4 viikkolaskutuksena. Valmiin kohteen tarkastus ja luovutus asiakkaalle.<\/p><\/div><\/div><div class=\"wp-block-uagb-faq-child uagb-faq-child__outer-wrap uagb-faq-item uagb-block-25b7ad82 \" role=\"tab\" tabindex=\"0\"><div class=\"uagb-faq-questions-button uagb-faq-questions\">\t\t\t<span class=\"uagb-icon uagb-faq-icon-wrap\">\n\t\t\t\t\t\t\t<\/span>\n\t\t\t\t\t\t<span class=\"uagb-icon-active uagb-faq-icon-wrap\">\n\t\t\t\t\t\t\t\t<svg xmlns=\"https:\/\/www.w3.org\/2000\/svg\" viewBox= \"0 0 320 512\"><path d=\"M9.39 265.4l127.1-128C143.6 131.1 151.8 128 160 128s16.38 3.125 22.63 9.375l127.1 128c9.156 9.156 11.9 22.91 6.943 34.88S300.9 320 287.1 320H32.01c-12.94 0-24.62-7.781-29.58-19.75S.2333 274.5 9.39 265.4z\"><\/path><\/svg>\n\t\t\t\t\t\t\t<\/span>\n\t\t\t<span class=\"uagb-question\">Mitk\u00e4 remontit pit\u00e4\u00e4 ilmoittaa taloyhti\u00f6lle \/ is\u00e4nn\u00f6itsij\u00e4lle?<\/span><\/div><div class=\"uagb-faq-content\"><p>T\u00e4\u00e4lt\u00e4 voit tarkastaa mitk\u00e4 remontit pit\u00e4\u00e4 ilmoittaa: <a href=\"https:\/\/www.isannointiliitto.fi\/artikkeli-2\/osakas-nain-ilmoitat-remontista-oikein\" target=\"_blank\" rel=\"noreferrer noopener\">https:\/\/www.isannointiliitto.fi\/artikkeli-2\/osakas-nain-ilmoitat-remontista-oikein<\/a><\/p><\/div><\/div><div class=\"wp-block-uagb-faq-child uagb-faq-child__outer-wrap uagb-faq-item uagb-block-9d0771eb \" role=\"tab\" tabindex=\"0\"><div class=\"uagb-faq-questions-button uagb-faq-questions\">\t\t\t<span class=\"uagb-icon uagb-faq-icon-wrap\">\n\t\t\t\t\t\t\t<\/span>\n\t\t\t\t\t\t<span class=\"uagb-icon-active uagb-faq-icon-wrap\">\n\t\t\t\t\t\t\t\t<svg xmlns=\"https:\/\/www.w3.org\/2000\/svg\" viewBox= \"0 0 320 512\"><path d=\"M9.39 265.4l127.1-128C143.6 131.1 151.8 128 160 128s16.38 3.125 22.63 9.375l127.1 128c9.156 9.156 11.9 22.91 6.943 34.88S300.9 320 287.1 320H32.01c-12.94 0-24.62-7.781-29.58-19.75S.2333 274.5 9.39 265.4z\"><\/path><\/svg>\n\t\t\t\t\t\t\t<\/span>\n\t\t\t<span class=\"uagb-question\">Mist\u00e4 remontin hinta koostuu?<\/span><\/div><div class=\"uagb-faq-content\"><p>Remontin hinta koostuu ty\u00f6n osuudesta, materiaaleista, matkakuluista ja lajitteluaseman maksuista sek\u00e4 remontissa k\u00e4ytettyjen yhteisty\u00f6kumppaneiden v\u00e4litysmyyntikuluista. Tuntiveloitukseen sis\u00e4ltyy ty\u00f6h\u00f6n, matkoihin, ty\u00f6v\u00e4lineiden, materiaalien noutoihin ja palautuksiin sek\u00e4 j\u00e4tteiden poiskuljetukseen k\u00e4ytetty aika.<\/p><\/div><\/div><div class=\"wp-block-uagb-faq-child uagb-faq-child__outer-wrap uagb-faq-item uagb-block-60d493a2 \" role=\"tab\" tabindex=\"0\"><div class=\"uagb-faq-questions-button uagb-faq-questions\">\t\t\t<span class=\"uagb-icon uagb-faq-icon-wrap\">\n\t\t\t\t\t\t\t<\/span>\n\t\t\t\t\t\t<span class=\"uagb-icon-active uagb-faq-icon-wrap\">\n\t\t\t\t\t\t\t\t<svg xmlns=\"https:\/\/www.w3.org\/2000\/svg\" viewBox= \"0 0 320 512\"><path d=\"M9.39 265.4l127.1-128C143.6 131.1 151.8 128 160 128s16.38 3.125 22.63 9.375l127.1 128c9.156 9.156 11.9 22.91 6.943 34.88S300.9 320 287.1 320H32.01c-12.94 0-24.62-7.781-29.58-19.75S.2333 274.5 9.39 265.4z\"><\/path><\/svg>\n\t\t\t\t\t\t\t<\/span>\n\t\t\t<span class=\"uagb-question\">Voinko saada tehdyst\u00e4 ty\u00f6st\u00e4 kotitalousv\u00e4hennyst\u00e4?<\/span><\/div><div class=\"uagb-faq-content\"><p>Remontointi eli perusparannus ja kunnostust\u00f6ist\u00e4 voit saada kotitalousv\u00e4hennyst\u00e4. Kotitalousv\u00e4hennyksen maksimi on 1 600 euroa henkil\u00f6lt\u00e4 (v. 2026). Omavastuu on 150 euroa vuodessa henkil\u00f6lt\u00e4.<br>Kotitalousv\u00e4hennyksen saa arvonlis\u00e4verollisesta <strong>ty\u00f6n<\/strong> osuudesta. Saat v\u00e4hent\u00e4\u00e4 35 % ty\u00f6n osuudesta, jos olet ostanut ty\u00f6n yritykselt\u00e4. Maksimiv\u00e4hennyksen saat, kun ty\u00f6n osuutta on 5\u00a0000 euroa laskusta. Molemmat puolisot voivat saada saman verran kotitalousv\u00e4hennyst\u00e4 ja molemmilta v\u00e4hennet\u00e4\u00e4n ensin omasta osasta omavastuu. Lue lis\u00e4\u00e4 verottajan sivuilta <a href=\"https:\/\/www.vero.fi\/henkiloasiakkaat\/vahennykset\/kotitalousvahennys\/\">https:\/\/www.vero.fi\/henkiloasiakkaat\/vahennykset\/kotitalousvahennys\/<\/a>.<\/p><\/div><\/div><div class=\"wp-block-uagb-faq-child uagb-faq-child__outer-wrap uagb-faq-item uagb-block-ca67a336 \" role=\"tab\" tabindex=\"0\"><div class=\"uagb-faq-questions-button uagb-faq-questions\">\t\t\t<span class=\"uagb-icon uagb-faq-icon-wrap\">\n\t\t\t\t\t\t\t<\/span>\n\t\t\t\t\t\t<span class=\"uagb-icon-active uagb-faq-icon-wrap\">\n\t\t\t\t\t\t\t\t<svg xmlns=\"https:\/\/www.w3.org\/2000\/svg\" viewBox= \"0 0 320 512\"><path d=\"M9.39 265.4l127.1-128C143.6 131.1 151.8 128 160 128s16.38 3.125 22.63 9.375l127.1 128c9.156 9.156 11.9 22.91 6.943 34.88S300.9 320 287.1 320H32.01c-12.94 0-24.62-7.781-29.58-19.75S.2333 274.5 9.39 265.4z\"><\/path><\/svg>\n\t\t\t\t\t\t\t<\/span>\n\t\t\t<span class=\"uagb-question\">Paljonko saan maksuaikaa laskuille?<\/span><\/div><div class=\"uagb-faq-content\"><p>Laskutamme kerran viikossa tehtyjen tuntien mukaan. Laskuillamme on 14 p\u00e4iv\u00e4n maksuaika. <\/p><\/div><\/div><\/div><\/div><\/div>\n","protected":false},"excerpt":{"rendered":"<p>Palvelut\u200b F a Q Usein kysytty\u00e4<\/p>\n","protected":false},"author":1,"featured_media":0,"parent":0,"menu_order":0,"comment_status":"closed","ping_status":"closed","template":"","meta":{"om_disable_all_campaigns":false,"_uag_custom_page_level_css":"","_monsterinsights_skip_tracking":false,"_monsterinsights_sitenote_active":false,"_monsterinsights_sitenote_note":"","_monsterinsights_sitenote_category":0,"_uf_show_specific_survey":0,"_uf_disable_surveys":false,"site-sidebar-layout":"no-sidebar","site-content-layout":"plain-container","ast-site-content-layout":"normal-width-container","site-content-style":"unboxed","site-sidebar-style":"unboxed","ast-global-header-display":"","ast-banner-title-visibility":"","ast-main-header-display":"","ast-hfb-above-header-display":"","ast-hfb-below-header-display":"","ast-hfb-mobile-header-display":"","site-post-title":"disabled","ast-breadcrumbs-content":"","ast-featured-img":"disabled","footer-sml-layout":"","theme-transparent-header-meta":"enabled","adv-header-id-meta":"","stick-header-meta":"","header-above-stick-meta":"","header-main-stick-meta":"","header-below-stick-meta":"","astra-migrate-meta-layouts":"set","ast-page-background-enabled":"default","ast-page-background-meta":{"desktop":{"background-color":"","background-image":"","background-repeat":"repeat","background-position":"center center","background-size":"auto","background-attachment":"scroll","background-type":"","background-media":"","overlay-type":"","overlay-color":"","overlay-opacity":"","overlay-gradient":""},"tablet":{"background-color":"","background-image":"","background-repeat":"repeat","background-position":"center center","background-size":"auto","background-attachment":"scroll","background-type":"","background-media":"","overlay-type":"","overlay-color":"","overlay-opacity":"","overlay-gradient":""},"mobile":{"background-color":"","background-image":"","background-repeat":"repeat","background-position":"center center","background-size":"auto","background-attachment":"scroll","background-type":"","background-media":"","overlay-type":"","overlay-color":"","overlay-opacity":"","overlay-gradient":""}},"ast-content-background-meta":{"desktop":{"background-color":"var(--ast-global-color-5)","background-image":"","background-repeat":"repeat","background-position":"center center","background-size":"auto","background-attachment":"scroll","background-type":"","background-media":"","overlay-type":"","overlay-color":"","overlay-opacity":"","overlay-gradient":""},"tablet":{"background-color":"var(--ast-global-color-5)","background-image":"","background-repeat":"repeat","background-position":"center center","background-size":"auto","background-attachment":"scroll","background-type":"","background-media":"","overlay-type":"","overlay-color":"","overlay-opacity":"","overlay-gradient":""},"mobile":{"background-color":"var(--ast-global-color-5)","background-image":"","background-repeat":"repeat","background-position":"center center","background-size":"auto","background-attachment":"scroll","background-type":"","background-media":"","overlay-type":"","overlay-color":"","overlay-opacity":"","overlay-gradient":""}},"footnotes":""},"class_list":["post-219","page","type-page","status-publish","hentry"],"yoast_head":"<!-- This site is optimized with the Yoast SEO plugin v27.5 - https:\/\/yoast.com\/product\/yoast-seo-wordpress\/ -->\n<title>Palvelut - Liipolan Kiinteist\u00f6korjaus Oy<\/title>\n<meta name=\"robots\" content=\"index, follow, max-snippet:-1, max-image-preview:large, max-video-preview:-1\" \/>\n<link rel=\"canonical\" href=\"https:\/\/liipolankiinteistokorjaus.fi\/index.php\/palvelut\/\" \/>\n<meta property=\"og:locale\" content=\"fi_FI\" \/>\n<meta property=\"og:type\" content=\"article\" \/>\n<meta property=\"og:title\" content=\"Palvelut - Liipolan Kiinteist\u00f6korjaus Oy\" \/>\n<meta property=\"og:description\" content=\"Palvelut\u200b F a Q Usein kysytty\u00e4\" \/>\n<meta property=\"og:url\" content=\"https:\/\/liipolankiinteistokorjaus.fi\/index.php\/palvelut\/\" \/>\n<meta property=\"og:site_name\" content=\"Liipolan Kiinteist\u00f6korjaus Oy\" \/>\n<meta property=\"article:modified_time\" content=\"2026-03-24T12:10:46+00:00\" \/>\n<meta property=\"og:image\" content=\"https:\/\/liipolankiinteistokorjaus.fi\/wordpress\/wp-content\/uploads\/2023\/04\/Sauna-300x300.jpg\" \/>\n<meta name=\"twitter:card\" content=\"summary_large_image\" \/>\n<meta name=\"twitter:label1\" content=\"Arvioitu lukuaika\" \/>\n\t<meta name=\"twitter:data1\" content=\"2 minuuttia\" \/>\n<script type=\"application\/ld+json\" class=\"yoast-schema-graph\">{\"@context\":\"https:\\\/\\\/schema.org\",\"@graph\":[{\"@type\":\"WebPage\",\"@id\":\"https:\\\/\\\/liipolankiinteistokorjaus.fi\\\/index.php\\\/palvelut\\\/\",\"url\":\"https:\\\/\\\/liipolankiinteistokorjaus.fi\\\/index.php\\\/palvelut\\\/\",\"name\":\"Palvelut - Liipolan Kiinteist\u00f6korjaus Oy\",\"isPartOf\":{\"@id\":\"https:\\\/\\\/liipolankiinteistokorjaus.fi\\\/#website\"},\"primaryImageOfPage\":{\"@id\":\"https:\\\/\\\/liipolankiinteistokorjaus.fi\\\/index.php\\\/palvelut\\\/#primaryimage\"},\"image\":{\"@id\":\"https:\\\/\\\/liipolankiinteistokorjaus.fi\\\/index.php\\\/palvelut\\\/#primaryimage\"},\"thumbnailUrl\":\"https:\\\/\\\/liipolankiinteistokorjaus.fi\\\/wordpress\\\/wp-content\\\/uploads\\\/2023\\\/04\\\/Sauna-300x300.jpg\",\"datePublished\":\"2020-05-12T03:43:04+00:00\",\"dateModified\":\"2026-03-24T12:10:46+00:00\",\"breadcrumb\":{\"@id\":\"https:\\\/\\\/liipolankiinteistokorjaus.fi\\\/index.php\\\/palvelut\\\/#breadcrumb\"},\"inLanguage\":\"fi\",\"potentialAction\":[{\"@type\":\"ReadAction\",\"target\":[\"https:\\\/\\\/liipolankiinteistokorjaus.fi\\\/index.php\\\/palvelut\\\/\"]}]},{\"@type\":\"ImageObject\",\"inLanguage\":\"fi\",\"@id\":\"https:\\\/\\\/liipolankiinteistokorjaus.fi\\\/index.php\\\/palvelut\\\/#primaryimage\",\"url\":\"https:\\\/\\\/liipolankiinteistokorjaus.fi\\\/wp-content\\\/uploads\\\/2023\\\/04\\\/Sauna-scaled.jpg\",\"contentUrl\":\"https:\\\/\\\/liipolankiinteistokorjaus.fi\\\/wp-content\\\/uploads\\\/2023\\\/04\\\/Sauna-scaled.jpg\",\"width\":2560,\"height\":2560},{\"@type\":\"BreadcrumbList\",\"@id\":\"https:\\\/\\\/liipolankiinteistokorjaus.fi\\\/index.php\\\/palvelut\\\/#breadcrumb\",\"itemListElement\":[{\"@type\":\"ListItem\",\"position\":1,\"name\":\"Etusivu\",\"item\":\"https:\\\/\\\/liipolankiinteistokorjaus.fi\\\/\"},{\"@type\":\"ListItem\",\"position\":2,\"name\":\"Palvelut\"}]},{\"@type\":\"WebSite\",\"@id\":\"https:\\\/\\\/liipolankiinteistokorjaus.fi\\\/#website\",\"url\":\"https:\\\/\\\/liipolankiinteistokorjaus.fi\\\/\",\"name\":\"Liipolan Kiinteist\u00f6korjaus Oy\",\"description\":\"\",\"publisher\":{\"@id\":\"https:\\\/\\\/liipolankiinteistokorjaus.fi\\\/#organization\"},\"potentialAction\":[{\"@type\":\"SearchAction\",\"target\":{\"@type\":\"EntryPoint\",\"urlTemplate\":\"https:\\\/\\\/liipolankiinteistokorjaus.fi\\\/?s={search_term_string}\"},\"query-input\":{\"@type\":\"PropertyValueSpecification\",\"valueRequired\":true,\"valueName\":\"search_term_string\"}}],\"inLanguage\":\"fi\"},{\"@type\":\"Organization\",\"@id\":\"https:\\\/\\\/liipolankiinteistokorjaus.fi\\\/#organization\",\"name\":\"Liipolan Kiinteist\u00f6korjaus Oy\",\"url\":\"https:\\\/\\\/liipolankiinteistokorjaus.fi\\\/\",\"logo\":{\"@type\":\"ImageObject\",\"inLanguage\":\"fi\",\"@id\":\"https:\\\/\\\/liipolankiinteistokorjaus.fi\\\/#\\\/schema\\\/logo\\\/image\\\/\",\"url\":\"https:\\\/\\\/liipolankiinteistokorjaus.fi\\\/wp-content\\\/uploads\\\/2023\\\/02\\\/LKK_logo-scaled.gif\",\"contentUrl\":\"https:\\\/\\\/liipolankiinteistokorjaus.fi\\\/wp-content\\\/uploads\\\/2023\\\/02\\\/LKK_logo-scaled.gif\",\"width\":2560,\"height\":1138,\"caption\":\"Liipolan Kiinteist\u00f6korjaus Oy\"},\"image\":{\"@id\":\"https:\\\/\\\/liipolankiinteistokorjaus.fi\\\/#\\\/schema\\\/logo\\\/image\\\/\"}}]}<\/script>\n<!-- \/ Yoast SEO plugin. -->","yoast_head_json":{"title":"Palvelut - Liipolan Kiinteist\u00f6korjaus Oy","robots":{"index":"index","follow":"follow","max-snippet":"max-snippet:-1","max-image-preview":"max-image-preview:large","max-video-preview":"max-video-preview:-1"},"canonical":"https:\/\/liipolankiinteistokorjaus.fi\/index.php\/palvelut\/","og_locale":"fi_FI","og_type":"article","og_title":"Palvelut - Liipolan Kiinteist\u00f6korjaus Oy","og_description":"Palvelut\u200b F a Q Usein kysytty\u00e4","og_url":"https:\/\/liipolankiinteistokorjaus.fi\/index.php\/palvelut\/","og_site_name":"Liipolan Kiinteist\u00f6korjaus Oy","article_modified_time":"2026-03-24T12:10:46+00:00","og_image":[{"url":"https:\/\/liipolankiinteistokorjaus.fi\/wordpress\/wp-content\/uploads\/2023\/04\/Sauna-300x300.jpg","type":"","width":"","height":""}],"twitter_card":"summary_large_image","twitter_misc":{"Arvioitu lukuaika":"2 minuuttia"},"schema":{"@context":"https:\/\/schema.org","@graph":[{"@type":"WebPage","@id":"https:\/\/liipolankiinteistokorjaus.fi\/index.php\/palvelut\/","url":"https:\/\/liipolankiinteistokorjaus.fi\/index.php\/palvelut\/","name":"Palvelut - Liipolan Kiinteist\u00f6korjaus Oy","isPartOf":{"@id":"https:\/\/liipolankiinteistokorjaus.fi\/#website"},"primaryImageOfPage":{"@id":"https:\/\/liipolankiinteistokorjaus.fi\/index.php\/palvelut\/#primaryimage"},"image":{"@id":"https:\/\/liipolankiinteistokorjaus.fi\/index.php\/palvelut\/#primaryimage"},"thumbnailUrl":"https:\/\/liipolankiinteistokorjaus.fi\/wordpress\/wp-content\/uploads\/2023\/04\/Sauna-300x300.jpg","datePublished":"2020-05-12T03:43:04+00:00","dateModified":"2026-03-24T12:10:46+00:00","breadcrumb":{"@id":"https:\/\/liipolankiinteistokorjaus.fi\/index.php\/palvelut\/#breadcrumb"},"inLanguage":"fi","potentialAction":[{"@type":"ReadAction","target":["https:\/\/liipolankiinteistokorjaus.fi\/index.php\/palvelut\/"]}]},{"@type":"ImageObject","inLanguage":"fi","@id":"https:\/\/liipolankiinteistokorjaus.fi\/index.php\/palvelut\/#primaryimage","url":"https:\/\/liipolankiinteistokorjaus.fi\/wp-content\/uploads\/2023\/04\/Sauna-scaled.jpg","contentUrl":"https:\/\/liipolankiinteistokorjaus.fi\/wp-content\/uploads\/2023\/04\/Sauna-scaled.jpg","width":2560,"height":2560},{"@type":"BreadcrumbList","@id":"https:\/\/liipolankiinteistokorjaus.fi\/index.php\/palvelut\/#breadcrumb","itemListElement":[{"@type":"ListItem","position":1,"name":"Etusivu","item":"https:\/\/liipolankiinteistokorjaus.fi\/"},{"@type":"ListItem","position":2,"name":"Palvelut"}]},{"@type":"WebSite","@id":"https:\/\/liipolankiinteistokorjaus.fi\/#website","url":"https:\/\/liipolankiinteistokorjaus.fi\/","name":"Liipolan Kiinteist\u00f6korjaus Oy","description":"","publisher":{"@id":"https:\/\/liipolankiinteistokorjaus.fi\/#organization"},"potentialAction":[{"@type":"SearchAction","target":{"@type":"EntryPoint","urlTemplate":"https:\/\/liipolankiinteistokorjaus.fi\/?s={search_term_string}"},"query-input":{"@type":"PropertyValueSpecification","valueRequired":true,"valueName":"search_term_string"}}],"inLanguage":"fi"},{"@type":"Organization","@id":"https:\/\/liipolankiinteistokorjaus.fi\/#organization","name":"Liipolan Kiinteist\u00f6korjaus Oy","url":"https:\/\/liipolankiinteistokorjaus.fi\/","logo":{"@type":"ImageObject","inLanguage":"fi","@id":"https:\/\/liipolankiinteistokorjaus.fi\/#\/schema\/logo\/image\/","url":"https:\/\/liipolankiinteistokorjaus.fi\/wp-content\/uploads\/2023\/02\/LKK_logo-scaled.gif","contentUrl":"https:\/\/liipolankiinteistokorjaus.fi\/wp-content\/uploads\/2023\/02\/LKK_logo-scaled.gif","width":2560,"height":1138,"caption":"Liipolan Kiinteist\u00f6korjaus Oy"},"image":{"@id":"https:\/\/liipolankiinteistokorjaus.fi\/#\/schema\/logo\/image\/"}}]}},"uagb_featured_image_src":{"full":false,"thumbnail":false,"medium":false,"medium_large":false,"large":false,"1536x1536":false,"2048x2048":false},"uagb_author_info":{"display_name":"admin","author_link":"https:\/\/liipolankiinteistokorjaus.fi\/index.php\/author\/admin_x2uavh1m\/"},"uagb_comment_info":0,"uagb_excerpt":"Palvelut\u200b F a Q Usein kysytty\u00e4","jetpack_sharing_enabled":true,"_links":{"self":[{"href":"https:\/\/liipolankiinteistokorjaus.fi\/index.php\/wp-json\/wp\/v2\/pages\/219","targetHints":{"allow":["GET"]}}],"collection":[{"href":"https:\/\/liipolankiinteistokorjaus.fi\/index.php\/wp-json\/wp\/v2\/pages"}],"about":[{"href":"https:\/\/liipolankiinteistokorjaus.fi\/index.php\/wp-json\/wp\/v2\/types\/page"}],"author":[{"embeddable":true,"href":"https:\/\/liipolankiinteistokorjaus.fi\/index.php\/wp-json\/wp\/v2\/users\/1"}],"replies":[{"embeddable":true,"href":"https:\/\/liipolankiinteistokorjaus.fi\/index.php\/wp-json\/wp\/v2\/comments?post=219"}],"version-history":[{"count":47,"href":"https:\/\/liipolankiinteistokorjaus.fi\/index.php\/wp-json\/wp\/v2\/pages\/219\/revisions"}],"predecessor-version":[{"id":1301,"href":"https:\/\/liipolankiinteistokorjaus.fi\/index.php\/wp-json\/wp\/v2\/pages\/219\/revisions\/1301"}],"wp:attachment":[{"href":"https:\/\/liipolankiinteistokorjaus.fi\/index.php\/wp-json\/wp\/v2\/media?parent=219"}],"curies":[{"name":"wp","href":"https:\/\/api.w.org\/{rel}","templated":true}]}}